{"id":2235,"date":"2023-07-07T09:36:27","date_gmt":"2023-07-07T09:36:27","guid":{"rendered":"https:\/\/openresearchdata.swiss\/conditions-generales\/"},"modified":"2024-11-21T10:05:33","modified_gmt":"2024-11-21T10:05:33","slug":"allgemeine-bedingungen","status":"publish","type":"page","link":"https:\/\/openresearchdata.swiss\/de\/allgemeine-bedingungen\/","title":{"rendered":"Allgemeine Bedingungen"},"content":{"rendered":"<section class=\"banner_type_5\">\n            <div class=\"banner_img\">\n                <div class=\"img_block\">\n                    <div class=\"jarallax\" data-jarallax>\n                        <img decoding=\"async\" src=\"https:\/\/openresearchdata.swiss\/wp-content\/uploads\/2023\/07\/13c234b74f4af752b0b99833be6ab1ae-transformed.jpeg\" alt=\"\" class=\"jarallax-img\">\n                    <\/div>\n                <\/div>\n            <\/div>\n            <div class=\"text_area\">\n                <div class=\"text_block\">\n                <h1><span class=\"color-red\">Allgemeine<\/span> Bedingungen<\/h1>\n                                <\/div>\n            <\/div>\n        <\/section>\n\n\n    <section class=\"contentImgSec\">\n        <div class=\"container\">\n            <div class=\"contentImgRow\">\n                <div class=\"contentBlock\">\n                    <h2><\/h2>\n                                        <!-- list section  -->\n                                            <div class=\"principles_block\">\n                            <ul class=\"ord_list_item\">\n                                                                    <li>\n                                        <h6><strong>IMPRESSUM<\/strong><\/h6>\n                                        <p>Herausgegeben von :<br \/>\r\nKoordinierungsgruppe des Nationalen Strategierats f\u00fcr offene Forschungsdaten.<br \/>\r\nRLC A1 131<br \/>\r\nRolex Learning Center, EPFL<br \/>\r\nLausanne, CH 1015<br \/>\r\nSchweiz<br \/>\r\n<br \/>\r\nDesign und Entwicklung :<br \/>\r\nCreatives<\/p>\n                                    <\/li>\n                                                                        <li>\n                                        <h6><strong>WARNUNG<\/strong><\/h6>\n                                        <p>Gem\u00e4\u00df Artikel 3.2 der von den vier Partnern im September 2022 unterzeichneten \u201eVereinbarung \u00fcber die Einrichtung eines DSB-Strategierats\u201c ist der Strategierat (StraCo) f\u00fcr die externe Vertretung der Partnerschaft verantwortlich. Die auf der Website www.openresearchdata.swiss ver\u00f6ffentlichten Inhalte werden vom dezentralen Sekretariat der Koordinierungsgruppe (CoG) des StraCo herausgegeben und verwaltet. Die CoG wird als ein von StraCo beauftragtes Kollegialorgan konsultiert. Die vier Partnerorganisationen von StraCo k\u00f6nnen nicht f\u00fcr den Inhalt der Website verantwortlich gemacht werden.<br \/>\r\n<br \/>\r\nTrotz sorgf\u00e4ltiger inhaltlicher Kontrolle \u00fcbernimmt das CoG keine Haftung f\u00fcr Links zu Webseiten Dritter. F\u00fcr den Inhalt der verlinkten Websites und Webseiten sind die jeweiligen Anbieter verantwortlich.<br \/>\r\n<br \/>\r\nIn keinem Fall \u00fcbernimmt der StraCo eine Haftung f\u00fcr Verluste oder Sch\u00e4den materieller oder immaterieller Art, die durch die Nutzung oder Nichtnutzung der auf seiner Website bereitgestellten Informationen, durch den Missbrauch von Links oder durch technisches Versagen verursacht werden.<\/p>\n                                    <\/li>\n                                                                        <li>\n                                        <h6><strong>URHEBERRECHTE<\/strong> <\/h6>\n                                        <p>Sofern nicht anders angegeben und in \u00dcbereinstimmung mit den Offenheitswerten steht das Material auf dieser Website unter der Creative Commons Attribution 4.0 International (CC-BY 4.0) Lizenz. Das bedeutet, dass es Ihnen freisteht, das Material f\u00fcr kommerzielle oder nichtkommerzielle Zwecke zu teilen, anzupassen und weiterzuverbreiten, solange die Credits ordnungsgem\u00e4\u00df an den Autor oder Rechteinhaber zur\u00fcckgegeben werden, indem sein Name sichtbar genannt und ein Link zur Originalquelle eingef\u00fcgt wird.<\/p>\n                                    <\/li>\n                                                                        <li>\n                                        <h6><strong>DATENSCHUTZRICHTLINIE <\/strong> <\/h6>\n                                        <p>Die Nutzung unserer Website ist ohne Angabe pers\u00f6nlicher Informationen m\u00f6glich. <br \/>\r\n<br \/>\r\nBei der Verwendung des Kontaktformulars geben die Besucher ihren Namen und ihre E-Mail-Adresse an, die per E-Mail an das Sekretariat der Koordinationsgruppe des Nationalen Strategierates f\u00fcr offene Forschungsdaten weitergeleitet werden. <br \/>\r\n<br \/>\r\nAlle gesammelten pers\u00f6nlichen Daten werden in voller \u00dcbereinstimmung mit den Bestimmungen des Schweizer Datenschutzgesetzes behandelt. <br \/>\r\n<br \/>\r\nBitte z\u00f6gern Sie nicht, uns zu kontaktieren, wenn Sie Bedenken bez\u00fcglich des Schutzes Ihrer Daten haben.<\/p>\n                                    <\/li>\n                                                                <\/ul>\n                        <\/div>\n                                            <!-- list section  -->\n                                            <p style=\"text-align: right;\">Last update: 31\/01\/2024<\/p>\n                                            <div class=\"btnGroup\">\n                                                                    <\/div>\n                <\/div>\n                <div class=\"imgBlock\">\n                    <div class=\"jarallax\" data-jarallax>\n                    <img decoding=\"async\" class=\"jarallax-img\" src=\"https:\/\/openresearchdata.swiss\/wp-content\/uploads\/2023\/07\/img-4.png\" alt=\"\" \/>\n                    <\/div>\n                <\/div>\n            <\/div>\n        <\/div>\n    <\/section>","protected":false},"excerpt":{"rendered":"","protected":false},"author":1,"featured_media":0,"parent":0,"menu_order":0,"comment_status":"closed","ping_status":"open","template":"","meta":{"inline_featured_image":false,"slim_seo":{"title":"Allgemeine Bedingungen - ORD","description":""},"footnotes":""},"class_list":["post-2235","page","type-page","status-publish","hentry"],"acf":[],"_links":{"self":[{"href":"https:\/\/openresearchdata.swiss\/de\/wp-json\/wp\/v2\/pages\/2235","targetHints":{"allow":["GET"]}}],"collection":[{"href":"https:\/\/openresearchdata.swiss\/de\/wp-json\/wp\/v2\/pages"}],"about":[{"href":"https:\/\/openresearchdata.swiss\/de\/wp-json\/wp\/v2\/types\/page"}],"author":[{"embeddable":true,"href":"https:\/\/openresearchdata.swiss\/de\/wp-json\/wp\/v2\/users\/1"}],"replies":[{"embeddable":true,"href":"https:\/\/openresearchdata.swiss\/de\/wp-json\/wp\/v2\/comments?post=2235"}],"version-history":[{"count":10,"href":"https:\/\/openresearchdata.swiss\/de\/wp-json\/wp\/v2\/pages\/2235\/revisions"}],"predecessor-version":[{"id":2256,"href":"https:\/\/openresearchdata.swiss\/de\/wp-json\/wp\/v2\/pages\/2235\/revisions\/2256"}],"wp:attachment":[{"href":"https:\/\/openresearchdata.swiss\/de\/wp-json\/wp\/v2\/media?parent=2235"}],"curies":[{"name":"wp","href":"https:\/\/api.w.org\/{rel}","templated":true}]}}