{"id":2025,"date":"2023-07-07T09:36:27","date_gmt":"2023-07-07T09:36:27","guid":{"rendered":"https:\/\/openresearchdata.swiss\/data-privacy-policy\/"},"modified":"2024-11-21T10:00:58","modified_gmt":"2024-11-21T10:00:58","slug":"conditions-generales","status":"publish","type":"page","link":"https:\/\/openresearchdata.swiss\/fr\/conditions-generales\/","title":{"rendered":"Conditions g\u00e9n\u00e9rales"},"content":{"rendered":"<section class=\"banner_type_5\">\n            <div class=\"banner_img\">\n                <div class=\"img_block\">\n                    <div class=\"jarallax\" data-jarallax>\n                        <img decoding=\"async\" src=\"https:\/\/openresearchdata.swiss\/wp-content\/uploads\/2023\/07\/13c234b74f4af752b0b99833be6ab1ae-transformed.jpeg\" alt=\"\" class=\"jarallax-img\">\n                    <\/div>\n                <\/div>\n            <\/div>\n            <div class=\"text_area\">\n                <div class=\"text_block\">\n                <h1><span class=\"color-red\">Conditions<\/span> g\u00e9n\u00e9rales<\/h1>\n                                <\/div>\n            <\/div>\n        <\/section>\n\n\n    <section class=\"contentImgSec\">\n        <div class=\"container\">\n            <div class=\"contentImgRow\">\n                <div class=\"contentBlock\">\n                    <h2><\/h2>\n                                        <!-- list section  -->\n                                            <div class=\"principles_block\">\n                            <ul class=\"ord_list_item\">\n                                                                    <li>\n                                        <h6><strong>IMPRESSUM<\/strong><\/h6>\n                                        <p>Publi\u00e9 par :<br \/>\r\nGroupe de coordination du Conseil strat\u00e9gique national des donn\u00e9es de recherche ouvertes<br \/>\r\nRLC A1 131<br \/>\r\nRolex Learning Center, EPFL<br \/>\r\nLausanne, CH 1015<br \/>\r\nSuisse<br \/>\r\n<br \/>\r\nDesign et d\u00e9veloppement :<br \/>\r\nCreatives<\/p>\n                                    <\/li>\n                                                                        <li>\n                                        <h6><strong>AVERTISSEMENT<\/strong><\/h6>\n                                        <p>Conform\u00e9ment \u00e0 l&rsquo;Article 3.2 de l&rsquo;\u00ab Accord pour la cr\u00e9ation d\u2019un Conseil strat\u00e9gique ORD \u00bb sign\u00e9 par les quatre partenaires en septembre 2022, le Conseil strat\u00e9gique (StraCo) est responsable de la repr\u00e9sentation externe du partenariat. Le contenu publi\u00e9 sur le site www.openresearchdata.swiss est publi\u00e9 et g\u00e9r\u00e9 par le secr\u00e9tariat d\u00e9centralis\u00e9 du Groupe de coordination (CoG) du StraCo. Le CoG est consult\u00e9 en tant qu&rsquo;organe coll\u00e9gial mandat\u00e9 par le StraCo. Les quatre organisations partenaires du StraCo ne peuvent \u00eatre tenues responsables du contenu du site web.<br \/>\r\n<br \/>\r\nMalgr\u00e9 un contr\u00f4le minutieux du contenu, le CoG d\u00e9cline toute responsabilit\u00e9 concernant les liens vers des sites web tiers. Les fournisseurs des sites et pages web li\u00e9s \u00e0 ce site sont responsables de leur contenu.<br \/>\r\n<br \/>\r\nEn aucun cas, le StraCo n&rsquo;accepte de responsabilit\u00e9 pour des pertes ou dommages mat\u00e9riels ou immat\u00e9riels r\u00e9sultant de l&rsquo;utilisation ou de la non-utilisation des informations fournies sur son site, de l&rsquo;abus de liens ou de d\u00e9faillances techniques.<\/p>\n                                    <\/li>\n                                                                        <li>\n                                        <h6><strong>DROITS D&rsquo;AUTEUR<\/strong> <\/h6>\n                                        <p>Sauf indication contraire et conform\u00e9ment aux valeurs d&rsquo;ouverture, le contenu de ce site est sous licence Creative Commons Attribution 4.0 International (CC-BY 4.0). Cela signifie que vous \u00eates libre de partager, d&rsquo;adapter et de redistribuer le mat\u00e9riel \u00e0 des fins commerciales ou non, tant que le cr\u00e9dit est d\u00fbment attribu\u00e9 \u00e0 l&rsquo;auteur ou au d\u00e9tenteur des droits en mentionnant son nom de mani\u00e8re visible et en incluant un lien vers la source originale.<\/p>\n                                    <\/li>\n                                                                        <li>\n                                        <h6><strong>POLITIQUE DE CONFIDENTIALIT\u00c9 <\/strong> <\/h6>\n                                        <p>L&rsquo;utilisation de notre site web est possible sans fournir de renseignements personnels. <br \/>\r\n<br \/>\r\nEn utilisant le formulaire de contact, les visiteurs fournissent leur nom et leur adresse email, qui sont transmis par email au secr\u00e9tariat du Groupe de coordination du Conseil strat\u00e9gique national des donn\u00e9es de recherche ouvertes. <br \/>\r\n<br \/>\r\nToute donn\u00e9e personnelle collect\u00e9e est trait\u00e9e en totale conformit\u00e9 avec les dispositions de la Loi suisse sur la protection des donn\u00e9es. <br \/>\r\n<br \/>\r\nN&rsquo;h\u00e9sitez pas \u00e0 nous contacter si vous avez des pr\u00e9occupations concernant la protection de vos donn\u00e9es.<\/p>\n                                    <\/li>\n                                                                <\/ul>\n                        <\/div>\n                                            <!-- list section  -->\n                                            <p style=\"text-align: right;\">Last update: 31\/01\/2024<\/p>\n                                            <div class=\"btnGroup\">\n                                                                    <\/div>\n                <\/div>\n                <div class=\"imgBlock\">\n                    <div class=\"jarallax\" data-jarallax>\n                    <img decoding=\"async\" class=\"jarallax-img\" src=\"https:\/\/openresearchdata.swiss\/wp-content\/uploads\/2023\/07\/img-4.png\" alt=\"\" \/>\n                    <\/div>\n                <\/div>\n            <\/div>\n        <\/div>\n    <\/section>","protected":false},"excerpt":{"rendered":"","protected":false},"author":1,"featured_media":0,"parent":0,"menu_order":0,"comment_status":"closed","ping_status":"open","template":"","meta":{"inline_featured_image":false,"slim_seo":{"title":"Conditions g\u00e9n\u00e9rales - ORD","description":""},"footnotes":""},"class_list":["post-2025","page","type-page","status-publish","hentry"],"acf":[],"_links":{"self":[{"href":"https:\/\/openresearchdata.swiss\/fr\/wp-json\/wp\/v2\/pages\/2025","targetHints":{"allow":["GET"]}}],"collection":[{"href":"https:\/\/openresearchdata.swiss\/fr\/wp-json\/wp\/v2\/pages"}],"about":[{"href":"https:\/\/openresearchdata.swiss\/fr\/wp-json\/wp\/v2\/types\/page"}],"author":[{"embeddable":true,"href":"https:\/\/openresearchdata.swiss\/fr\/wp-json\/wp\/v2\/users\/1"}],"replies":[{"embeddable":true,"href":"https:\/\/openresearchdata.swiss\/fr\/wp-json\/wp\/v2\/comments?post=2025"}],"version-history":[{"count":7,"href":"https:\/\/openresearchdata.swiss\/fr\/wp-json\/wp\/v2\/pages\/2025\/revisions"}],"predecessor-version":[{"id":2250,"href":"https:\/\/openresearchdata.swiss\/fr\/wp-json\/wp\/v2\/pages\/2025\/revisions\/2250"}],"wp:attachment":[{"href":"https:\/\/openresearchdata.swiss\/fr\/wp-json\/wp\/v2\/media?parent=2025"}],"curies":[{"name":"wp","href":"https:\/\/api.w.org\/{rel}","templated":true}]}}